{"id":118,"date":"2020-01-23T05:59:15","date_gmt":"2020-01-23T05:59:15","guid":{"rendered":"https:\/\/www.naftosdujos.lt\/?page_id=118"},"modified":"2020-01-23T06:02:13","modified_gmt":"2020-01-23T06:02:13","slug":"duju-balionai","status":"publish","type":"page","link":"https:\/\/www.naftosdujos.lt\/index.php\/duju-balionai\/","title":{"rendered":"Duj\u0173 balionai"},"content":{"rendered":"<p>Duj\u0173 balionus galite \u012fsigyti. UAB &#8222;Naftos dujos&#8221; degalin\u0117je adresu:<\/p>\n<p>Algirdo g. 42,Ma\u017eeikiai Degalin\u0117s vadovas: K\u0119stutis Vitkauskas, tel. 8-443-67104;<\/p>\n<p>\u00a0<\/p>\n<figure>\n\t\t\t\t\t\t\t\t\t\t<img loading=\"lazy\" decoding=\"async\" width=\"200\" height=\"300\" src=\"https:\/\/www.naftosdujos.lt\/wp-content\/uploads\/2020\/01\/11kg-200x300.jpg\" alt=\"11 kg\" srcset=\"https:\/\/www.naftosdujos.lt\/wp-content\/uploads\/2020\/01\/11kg-200x300.jpg 200w, https:\/\/www.naftosdujos.lt\/wp-content\/uploads\/2020\/01\/11kg.jpg 500w\" sizes=\"auto, (max-width: 200px) 100vw, 200px\" \/><figcaption>Duj\u0173 balionas 11 kg. (27 l)<\/figcaption><\/figure>\n<figure>\n\t\t\t\t\t\t\t\t\t\t<img loading=\"lazy\" decoding=\"async\" width=\"129\" height=\"300\" src=\"https:\/\/www.naftosdujos.lt\/wp-content\/uploads\/2020\/01\/19kg-439x1024-1-129x300.jpg\" alt=\"19 kg\" srcset=\"https:\/\/www.naftosdujos.lt\/wp-content\/uploads\/2020\/01\/19kg-439x1024-1-129x300.jpg 129w, https:\/\/www.naftosdujos.lt\/wp-content\/uploads\/2020\/01\/19kg-439x1024-1.jpg 439w\" sizes=\"auto, (max-width: 129px) 100vw, 129px\" \/><figcaption>Duj\u0173 balionas 19 kg. (46 l)<\/figcaption><\/figure>\n<figure>\n\t\t\t\t\t\t\t\t\t\t<img loading=\"lazy\" decoding=\"async\" width=\"211\" height=\"300\" src=\"https:\/\/www.naftosdujos.lt\/wp-content\/uploads\/2020\/01\/11kgKrautuvams-211x300.jpg\" alt=\"11 kg\" srcset=\"https:\/\/www.naftosdujos.lt\/wp-content\/uploads\/2020\/01\/11kgKrautuvams-211x300.jpg 211w, https:\/\/www.naftosdujos.lt\/wp-content\/uploads\/2020\/01\/11kgKrautuvams.jpg 500w\" sizes=\"auto, (max-width: 211px) 100vw, 211px\" \/><figcaption>Duj\u0173 balionas 11 kg. (27 l) (autokrautuvams)<\/figcaption><\/figure>\n<figure>\n\t\t\t\t\t\t\t\t\t\t<img loading=\"lazy\" decoding=\"async\" width=\"150\" height=\"300\" src=\"https:\/\/www.naftosdujos.lt\/wp-content\/uploads\/2020\/01\/19kgKrautuvams-150x300-1.jpg\" alt=\"19 kg\" \/><figcaption> Duj\u0173 balionas 19 kg. (46 l) (autokrautuvams);<\/figcaption><\/figure>\n<figure>\n\t\t\t\t\t\t\t\t\t\t<img loading=\"lazy\" decoding=\"async\" width=\"129\" height=\"300\" src=\"https:\/\/www.naftosdujos.lt\/wp-content\/uploads\/2020\/01\/19kg-129x300.jpg\" alt=\"33 kg\" srcset=\"https:\/\/www.naftosdujos.lt\/wp-content\/uploads\/2020\/01\/19kg-129x300.jpg 129w, https:\/\/www.naftosdujos.lt\/wp-content\/uploads\/2020\/01\/19kg-439x1024.jpg 439w, https:\/\/www.naftosdujos.lt\/wp-content\/uploads\/2020\/01\/19kg-768x1790.jpg 768w, https:\/\/www.naftosdujos.lt\/wp-content\/uploads\/2020\/01\/19kg-659x1536.jpg 659w, https:\/\/www.naftosdujos.lt\/wp-content\/uploads\/2020\/01\/19kg.jpg 800w\" sizes=\"auto, (max-width: 129px) 100vw, 129px\" \/><figcaption>Duj\u0173 balionas \u0161ildymui 33kg. (79 l)<\/figcaption><\/figure>\n","protected":false},"excerpt":{"rendered":"<p>Duj\u0173 balionus galite \u012fsigyti. UAB &#8222;Naftos dujos&#8221; degalin\u0117je adresu: Algirdo g. 42,Ma\u017eeikiai Degalin\u0117s vadovas: K\u0119stutis Vitkauskas, tel. 8-443-67104; \u00a0 Duj\u0173 balionas 11 kg. (27 l) Duj\u0173 balionas 19 kg. (46 l) Duj\u0173 balionas 11 kg. (27 l) (autokrautuvams) Duj\u0173 balionas 19 kg. (46 l) (autokrautuvams); Duj\u0173 balionas \u0161ildymui 33kg. (79 l)<\/p>\n","protected":false},"author":1,"featured_media":0,"parent":0,"menu_order":0,"comment_status":"closed","ping_status":"closed","template":"","meta":{"footnotes":""},"class_list":["post-118","page","type-page","status-publish","hentry"],"jetpack_sharing_enabled":true,"_links":{"self":[{"href":"https:\/\/www.naftosdujos.lt\/index.php\/wp-json\/wp\/v2\/pages\/118","targetHints":{"allow":["GET"]}}],"collection":[{"href":"https:\/\/www.naftosdujos.lt\/index.php\/wp-json\/wp\/v2\/pages"}],"about":[{"href":"https:\/\/www.naftosdujos.lt\/index.php\/wp-json\/wp\/v2\/types\/page"}],"author":[{"embeddable":true,"href":"https:\/\/www.naftosdujos.lt\/index.php\/wp-json\/wp\/v2\/users\/1"}],"replies":[{"embeddable":true,"href":"https:\/\/www.naftosdujos.lt\/index.php\/wp-json\/wp\/v2\/comments?post=118"}],"version-history":[{"count":0,"href":"https:\/\/www.naftosdujos.lt\/index.php\/wp-json\/wp\/v2\/pages\/118\/revisions"}],"wp:attachment":[{"href":"https:\/\/www.naftosdujos.lt\/index.php\/wp-json\/wp\/v2\/media?parent=118"}],"curies":[{"name":"wp","href":"https:\/\/api.w.org\/{rel}","templated":true}]}}