{"id":161,"date":"2019-11-01T07:42:00","date_gmt":"2019-11-01T07:42:00","guid":{"rendered":"https:\/\/www.naftosdujos.lt\/?page_id=161"},"modified":"2020-02-03T07:42:49","modified_gmt":"2020-02-03T07:42:49","slug":"prekiautoju-suskystintomis-dujomis-asociacija","status":"publish","type":"page","link":"https:\/\/www.naftosdujos.lt\/index.php\/prekiautoju-suskystintomis-dujomis-asociacija\/","title":{"rendered":"Prekiautoj\u0173 Suskystintomis Dujomis Asociacija"},"content":{"rendered":"\n<figure class=\"wp-block-image\"><a href=\"http:\/\/www.naftosdujos.lt\/files\/PSDA.jpg\"><img decoding=\"async\" src=\"http:\/\/www.naftosdujos.lt\/files\/PSDA-300x285.jpg\" alt=\"PSDA\" class=\"wp-image-662\"\/><\/a><\/figure>\n\n\n\n<p>\u012emon\u0117s kodas     179757471<br>\nVadovas     Kazys Ruzgas, prezidentas<br>\nAdresas     Algirdo g. 42, Ma\u017eeikiai<\/p>\n","protected":false},"excerpt":{"rendered":"<p>\u012emon\u0117s kodas 179757471 Vadovas Kazys Ruzgas, prezidentas Adresas Algirdo g. 42, Ma\u017eeikiai<\/p>\n","protected":false},"author":1,"featured_media":162,"parent":0,"menu_order":0,"comment_status":"closed","ping_status":"closed","template":"","meta":{"footnotes":""},"class_list":["post-161","page","type-page","status-publish","has-post-thumbnail","hentry"],"jetpack_sharing_enabled":true,"_links":{"self":[{"href":"https:\/\/www.naftosdujos.lt\/index.php\/wp-json\/wp\/v2\/pages\/161","targetHints":{"allow":["GET"]}}],"collection":[{"href":"https:\/\/www.naftosdujos.lt\/index.php\/wp-json\/wp\/v2\/pages"}],"about":[{"href":"https:\/\/www.naftosdujos.lt\/index.php\/wp-json\/wp\/v2\/types\/page"}],"author":[{"embeddable":true,"href":"https:\/\/www.naftosdujos.lt\/index.php\/wp-json\/wp\/v2\/users\/1"}],"replies":[{"embeddable":true,"href":"https:\/\/www.naftosdujos.lt\/index.php\/wp-json\/wp\/v2\/comments?post=161"}],"version-history":[{"count":0,"href":"https:\/\/www.naftosdujos.lt\/index.php\/wp-json\/wp\/v2\/pages\/161\/revisions"}],"wp:featuredmedia":[{"embeddable":true,"href":"https:\/\/www.naftosdujos.lt\/index.php\/wp-json\/wp\/v2\/media\/162"}],"wp:attachment":[{"href":"https:\/\/www.naftosdujos.lt\/index.php\/wp-json\/wp\/v2\/media?parent=161"}],"curies":[{"name":"wp","href":"https:\/\/api.w.org\/{rel}","templated":true}]}}