{"id":2,"date":"2020-01-09T07:01:24","date_gmt":"2020-01-09T07:01:24","guid":{"rendered":"https:\/\/www.naftosdujos.lt\/?page_id=2"},"modified":"2024-09-06T03:54:10","modified_gmt":"2024-09-06T03:54:10","slug":"sample-page","status":"publish","type":"page","link":"https:\/\/www.naftosdujos.lt\/index.php\/sample-page\/","title":{"rendered":"Apie \u012fmon\u0119"},"content":{"rendered":"\n<div class=\"wp-block-group has-luminous-vivid-amber-background-color has-background\"><div class=\"wp-block-group__inner-container is-layout-flow wp-block-group-is-layout-flow\">\n<p>UAB \u201eNaftos dujos\u201c \u012fkurta 1995 m. baland\u017eio 5 d. \u012emon\u0117 specializuojasi suskystint\u0173 duj\u0173<br>prekyboje, j\u0173 fasavime ir transportavime. \u0160ioje srityje yra sukaupta didel\u0117 profesin\u0117 ir vadybin\u0117<br>patirtis, i\u0161pl\u0117tota materialin\u0117 technin\u0117 baz\u0117. Bendrov\u0117je dirba auk\u0161tos kvalifikacijos specialistai,<br>diegiama pa\u017eangi kokyb\u0117s ir aplinkos apsaugos vadybos sistema.<\/p>\n<\/div><\/div>\n\n\n\n<p>Viena pagrindini\u0173 \u012fmon\u0117s veiklos sri\u010di\u0173 \u2013 prekyba suskystintomis naftos dujomis (propano-butano<br>duj\u0173 mi\u0161iniais, propano dujomis). Pl\u0117sdama parduodam\u0173 preki\u0173 asortiment\u0105 bendrov\u0117 prad\u0117jo<br>prekyb\u0105 technin\u0117mis dujomis balionuose (deguonies, argono, ir kt.)<br>Pl\u0117todama savo veikl\u0105 bendrov\u0117 \u012fsteig\u0117 akcizin\u012f sand\u0117l\u012f, i\u0161 kurio naftos produktus tiekia ne tik<br>Lietuvos, bet ir u\u017esienio rinkoms. Suskystintos naftos dujos yra gabenamos bendrov\u0117s valdomomis<br>transporto priemon\u0117mis, kuri\u0173 parkas nuolat atnaujinamas.<br>Bendrov\u0117je veikia keturi suskystint\u0173 naftos duj\u0173 balion\u0173 u\u017epildymo postai: Panev\u0117\u017eyje,<br>Ma\u017eeikiuose, \u0160ven\u010dionyse ir Vilkijoje. Tai leid\u017eia efektyviai pristatyti duj\u0173 balionus vartotojams.<br>Ma\u017eeiki\u0173 ir \u0160ven\u010dioni\u0173 miestuose esan\u010diose degalin\u0117se prekiaujama automobilin\u0117mis dujomis,<br>kitomis prek\u0117mis. \u0160iose degalin\u0117se juridiniai asmenys gali atsiskaityti UAB \u201eNaftos dujos\u201c ir jos<br>partneri\u0173 i\u0161duotomis kortel\u0117mis. Ma\u017eeiki\u0173 mieste automobilininkams si\u016blome autoplovyklos<br>paslaugas.<br>Visada siekiame u\u017emegzti ir i\u0161laikyti tvar\u0173 ry\u0161\u012f su klientais, tai padeda mums tobul\u0117ti, kurti naujus<br>produktus ir u\u017etikrinti paslaug\u0173 kokyb\u0119.<\/p>\n","protected":false},"excerpt":{"rendered":"<p>UAB \u201eNaftos dujos\u201c \u012fkurta 1995 m. baland\u017eio 5 d. \u012emon\u0117 specializuojasi suskystint\u0173 duj\u0173prekyboje, j\u0173 fasavime ir transportavime. \u0160ioje srityje yra sukaupta didel\u0117 profesin\u0117 ir vadybin\u0117patirtis, i\u0161pl\u0117tota materialin\u0117 technin\u0117 baz\u0117. Bendrov\u0117je dirba auk\u0161tos kvalifikacijos specialistai,diegiama pa\u017eangi kokyb\u0117s ir aplinkos apsaugos vadybos sistema. Viena pagrindini\u0173 \u012fmon\u0117s veiklos sri\u010di\u0173 \u2013 prekyba suskystintomis naftos dujomis (propano-butanoduj\u0173 mi\u0161iniais, propano dujomis). [&hellip;]<\/p>\n","protected":false},"author":1,"featured_media":0,"parent":0,"menu_order":0,"comment_status":"closed","ping_status":"closed","template":"","meta":{"footnotes":""},"class_list":["post-2","page","type-page","status-publish","hentry"],"jetpack_sharing_enabled":true,"_links":{"self":[{"href":"https:\/\/www.naftosdujos.lt\/index.php\/wp-json\/wp\/v2\/pages\/2","targetHints":{"allow":["GET"]}}],"collection":[{"href":"https:\/\/www.naftosdujos.lt\/index.php\/wp-json\/wp\/v2\/pages"}],"about":[{"href":"https:\/\/www.naftosdujos.lt\/index.php\/wp-json\/wp\/v2\/types\/page"}],"author":[{"embeddable":true,"href":"https:\/\/www.naftosdujos.lt\/index.php\/wp-json\/wp\/v2\/users\/1"}],"replies":[{"embeddable":true,"href":"https:\/\/www.naftosdujos.lt\/index.php\/wp-json\/wp\/v2\/comments?post=2"}],"version-history":[{"count":1,"href":"https:\/\/www.naftosdujos.lt\/index.php\/wp-json\/wp\/v2\/pages\/2\/revisions"}],"predecessor-version":[{"id":280,"href":"https:\/\/www.naftosdujos.lt\/index.php\/wp-json\/wp\/v2\/pages\/2\/revisions\/280"}],"wp:attachment":[{"href":"https:\/\/www.naftosdujos.lt\/index.php\/wp-json\/wp\/v2\/media?parent=2"}],"curies":[{"name":"wp","href":"https:\/\/api.w.org\/{rel}","templated":true}]}}