{"id":67,"date":"2020-01-20T06:45:57","date_gmt":"2020-01-20T06:45:57","guid":{"rendered":"https:\/\/www.naftosdujos.lt\/?page_id=67"},"modified":"2020-01-20T06:45:57","modified_gmt":"2020-01-20T06:45:57","slug":"paslaugos-ir-produkcija","status":"publish","type":"page","link":"https:\/\/www.naftosdujos.lt\/index.php\/paslaugos-ir-produkcija\/","title":{"rendered":"Paslaugos ir produkcija"},"content":{"rendered":"\n<p> UAB \u201cNaftos dujos\u201c  vykdo suskystint\u0173 duj\u0173 transportavim\u0105 ir prekyb\u0105 Lietuvos Respublikoje ir u\u017e jos rib\u0173. <\/p>\n","protected":false},"excerpt":{"rendered":"<p>UAB \u201cNaftos dujos\u201c vykdo suskystint\u0173 duj\u0173 transportavim\u0105 ir prekyb\u0105 Lietuvos Respublikoje ir u\u017e jos rib\u0173.<\/p>\n","protected":false},"author":1,"featured_media":51,"parent":0,"menu_order":0,"comment_status":"closed","ping_status":"closed","template":"","meta":{"footnotes":""},"class_list":["post-67","page","type-page","status-publish","has-post-thumbnail","hentry"],"jetpack_sharing_enabled":true,"_links":{"self":[{"href":"https:\/\/www.naftosdujos.lt\/index.php\/wp-json\/wp\/v2\/pages\/67","targetHints":{"allow":["GET"]}}],"collection":[{"href":"https:\/\/www.naftosdujos.lt\/index.php\/wp-json\/wp\/v2\/pages"}],"about":[{"href":"https:\/\/www.naftosdujos.lt\/index.php\/wp-json\/wp\/v2\/types\/page"}],"author":[{"embeddable":true,"href":"https:\/\/www.naftosdujos.lt\/index.php\/wp-json\/wp\/v2\/users\/1"}],"replies":[{"embeddable":true,"href":"https:\/\/www.naftosdujos.lt\/index.php\/wp-json\/wp\/v2\/comments?post=67"}],"version-history":[{"count":0,"href":"https:\/\/www.naftosdujos.lt\/index.php\/wp-json\/wp\/v2\/pages\/67\/revisions"}],"wp:featuredmedia":[{"embeddable":true,"href":"https:\/\/www.naftosdujos.lt\/index.php\/wp-json\/wp\/v2\/media\/51"}],"wp:attachment":[{"href":"https:\/\/www.naftosdujos.lt\/index.php\/wp-json\/wp\/v2\/media?parent=67"}],"curies":[{"name":"wp","href":"https:\/\/api.w.org\/{rel}","templated":true}]}}